{"id":7,"date":"2025-01-24T10:41:29","date_gmt":"2025-01-24T10:41:29","guid":{"rendered":"https:\/\/latapinxeria.com\/contacto\/"},"modified":"2025-01-27T13:00:31","modified_gmt":"2025-01-27T13:00:31","slug":"contacto","status":"publish","type":"page","link":"https:\/\/latapinxeria.com\/va\/contacto\/","title":{"rendered":"Contacte"},"content":{"rendered":"<div class=\"wp-block-group alignfull hostinger-ai-contact-form-4 hostinger-ai-fade-up has-color-1-background-color has-background has-global-padding is-layout-constrained wp-block-group-is-layout-constrained\" data-aos=\"fade-up\">\n<div class=\"wp-block-group alignwide hostinger-ai-fade-up is-vertical is-content-justification-center is-nowrap is-layout-flex wp-container-core-group-is-layout-2 wp-block-group-is-layout-flex\" data-aos=\"fade-up\" style=\"min-height:400px;padding-top:var(--wp--preset--spacing--40);padding-bottom:var(--wp--preset--spacing--40)\">\n<div class=\"wp-block-group hostinger-ai-fade-up wp-container-content-1 is-layout-flow wp-container-core-group-is-layout-1 wp-block-group-is-layout-flow\" data-aos=\"fade-up\">\n<h2 class=\"wp-block-heading has-text-align-center hostinger-ai-title has-dark-color has-text-color has-link-color has-x-large-font-size wp-elements-28209f74557a91d49e8575d0238c4142\" style=\"margin-top:var(--wp--preset--spacing--60);margin-bottom:var(--wp--preset--spacing--60)\">Contacta amb nosaltres<\/h2>\n\n\n\n<div >\n    <section class=\"hts-section hts-page hts-contact-form\">\n        <div class=\"hts-details\">\n            <div class=\"hts-contact-details hts-contacts\">\n                \n                \n                <form id=\"contact-form-69e15e2ef3b65\" action=\"\">\n                    <input type=\"hidden\" id=\"contactform_nonce\" name=\"contactform_nonce\" value=\"4efc689551\" \/><input type=\"hidden\" name=\"_wp_http_referer\" value=\"\/va\/wp-json\/wp\/v2\/pages\/7\" \/>\n                    <label for=\"contact-form-69e15e2ef3b65-name\">Nom<\/label>\n                    <input type=\"text\"\n                            id=\"contact-form-69e15e2ef3b65-name\"\n                            class=\"contact-name\"\n                            name=\"name\"\n                            placeholder=\"Quin \u00e9s el teu nom?\"\n                            required>\n\n                    <label for=\"contact-form-69e15e2ef3b65-email\">Correu electr\u00f2nic<\/label>\n                    <input type=\"email\"\n                            id=\"contact-form-69e15e2ef3b65-email\"\n                            class=\"contact-email\"\n                            name=\"email\"\n                            placeholder=\"Quin \u00e9s el teu correu electr\u00f2nic?\"\n                            required>\n\n                    <label for=\"contact-form-69e15e2ef3b65-message\">\n                    Missatge                    <\/label>\n                    <textarea id=\"contact-form-69e15e2ef3b65-message\"\n                                class=\"contact-message\"\n                                name=\"message\"\n                                placeholder=\"Escriu el teu missatge...\"\n                                required><\/textarea>\n\n                    <div class=\"validate-message\"><\/div>\n\n                    <div class=\"hts-privacy-agree\">\n                        <label class=\"hts-form-control\">\n                            <input type=\"checkbox\"\n                                    id=\"contact-form-69e15e2ef3b65-privacy-policy-checkbox\"\n                                    class=\"privacy-policy-checkbox\"\n                                    name=\"privacy_policy\"\n                                    required>\n                            <span>\n                            Autoritze l'\u00fas de les dades personals facilitades amb la finalitat de respondre a la sol\u00b7licitud segons el descrit en la <a href=\"https:\/\/latapinxeria.com\/va\/politica-de-privacidad\/\" target=\"_blank\">Pol\u00edtica de Privacitat<\/a> que he llegit. Puc retirar el meu consentiment en qualsevol moment.                            <\/span>\n                        <\/label>\n                    <\/div>\n\n                    <input type=\"submit\"\n                            class=\"btn primary has-color-2-color has-color-1-background-color has-text-color has-background has-link-color has-border-color has-color-1-border-color wp-element-button\"\n                            value=\"Enviar missatge\"\/>\n                <input type=\"hidden\" name=\"trp-form-language\" value=\"va\"\/><\/form>\n            <\/div>\n        <\/div>\n    <\/section>\n<\/div>\n<\/div>\n<\/div>\n<\/div>\n\n\n\n<div class=\"wp-block-group alignwide hostinger-ai-fade-up has-global-padding is-layout-constrained wp-block-group-is-layout-constrained\" data-aos=\"fade-up\" style=\"padding-top:0;padding-bottom:0\">\n<div class=\"wp-block-group alignwide hostinger-ai-fade-up has-global-padding is-content-justification-left is-layout-constrained wp-container-core-group-is-layout-5 wp-block-group-is-layout-constrained\" data-aos=\"fade-up\">\n<h2 class=\"wp-block-heading has-text-align-left hostinger-ai-title has-dark-color has-text-color has-link-color has-x-large-font-size wp-elements-c4f931eb9afbb0fa2014dc23fc771be7\" style=\"margin-top:0;margin-right:0;margin-bottom:var(--wp--preset--spacing--40);margin-left:0\">Ubicaci\u00f3<\/h2>\n\n\n\n<p class=\"has-text-align-left hostinger-ai-description has-medium-font-size\" style=\"margin-bottom:var(--wp--preset--spacing--40)\">Visita'ns a Av. Saragossa, 77, 12190 Borriol, Castell\u00f3<\/p>\n\n\n\n<div class=\"wp-block-columns alignwide is-layout-flex wp-container-core-columns-is-layout-1 wp-block-columns-is-layout-flex\" style=\"margin-top:0;margin-bottom:0;padding-bottom:var(--wp--preset--spacing--40)\"><\/div>\n\n\n\n<div class=\"wp-block-group alignfull hostinger-ai-fade-up is-layout-flow wp-block-group-is-layout-flow\" data-aos=\"fade-up\">\n<div class=\"wp-block-columns is-layout-flex wp-container-core-columns-is-layout-2 wp-block-columns-is-layout-flex\">\n<div class=\"wp-block-column is-layout-flow wp-block-column-is-layout-flow\" style=\"flex-basis:100%\">\n<iframe src=\"https:\/\/www.google.com\/maps\/embed?pb=!1m18!1m12!1m3!1d3054.539684413285!2d-0.07076803572082518!3d40.041055652096404!2m3!1f0!2f0!3f0!3m2!1i1024!2i768!4f13.1!3m3!1m2!1s0xd5fff895419d1f3%3A0xb0290f6e8b6a91cd!2sLa%20TapiNXeria%20%7C%20Para%20comer%20bien%20en%20Borriol!5e0!3m2!1ses!2ses!4v1737982717627!5m2!1ses!2ses\" width=\"330\" height=\"300\" style=\"border:0;\" allowfullscreen=\"\" loading=\"lazy\" referrerpolicy=\"no-referrer-when-downgrade\"><\/iframe>\n<\/div>\n<\/div>\n<\/div>\n<\/div>\n<\/div>","protected":false},"excerpt":{"rendered":"<p>Cont\u00e1ctanos Hoy Ubicaci\u00f3n Vis\u00edtanos en Av. Saragossa, 77, 12190 Borriol, Castell\u00f3<\/p>","protected":false},"author":1,"featured_media":0,"parent":0,"menu_order":0,"comment_status":"closed","ping_status":"closed","template":"","meta":{"footnotes":""},"class_list":["post-7","page","type-page","status-publish","hentry"],"_links":{"self":[{"href":"https:\/\/latapinxeria.com\/va\/wp-json\/wp\/v2\/pages\/7","targetHints":{"allow":["GET"]}}],"collection":[{"href":"https:\/\/latapinxeria.com\/va\/wp-json\/wp\/v2\/pages"}],"about":[{"href":"https:\/\/latapinxeria.com\/va\/wp-json\/wp\/v2\/types\/page"}],"author":[{"embeddable":true,"href":"https:\/\/latapinxeria.com\/va\/wp-json\/wp\/v2\/users\/1"}],"replies":[{"embeddable":true,"href":"https:\/\/latapinxeria.com\/va\/wp-json\/wp\/v2\/comments?post=7"}],"version-history":[{"count":8,"href":"https:\/\/latapinxeria.com\/va\/wp-json\/wp\/v2\/pages\/7\/revisions"}],"predecessor-version":[{"id":125,"href":"https:\/\/latapinxeria.com\/va\/wp-json\/wp\/v2\/pages\/7\/revisions\/125"}],"wp:attachment":[{"href":"https:\/\/latapinxeria.com\/va\/wp-json\/wp\/v2\/media?parent=7"}],"curies":[{"name":"wp","href":"https:\/\/api.w.org\/{rel}","templated":true}]}}