{"id":5,"date":"2025-01-24T10:41:29","date_gmt":"2025-01-24T10:41:29","guid":{"rendered":"https:\/\/latapinxeria.com\/equipo\/"},"modified":"2025-02-13T10:24:59","modified_gmt":"2025-02-13T10:24:59","slug":"nosotros","status":"publish","type":"page","link":"https:\/\/latapinxeria.com\/va\/nosotros\/","title":{"rendered":"Nosaltres"},"content":{"rendered":"<div class=\"wp-block-group alignfull hostinger-ai-resume-1 hostinger-ai-fade-up has-global-padding is-layout-constrained wp-block-group-is-layout-constrained\" data-aos=\"fade-up\">\n<div class=\"wp-block-group alignwide hostinger-ai-fade-up is-layout-flow wp-block-group-is-layout-flow\" data-aos=\"fade-up\" style=\"padding-top:var(--wp--preset--spacing--60);padding-bottom:var(--wp--preset--spacing--60)\">\n<div class=\"wp-block-columns is-layout-flex wp-container-core-columns-is-layout-1 wp-block-columns-is-layout-flex\" style=\"margin-bottom:var(--wp--preset--spacing--60)\">\n<div class=\"wp-block-column is-layout-flow wp-block-column-is-layout-flow\">\n<h2 class=\"wp-block-heading hostinger-ai-title has-dark-color has-text-color has-link-color has-x-large-font-size wp-elements-89a1d7d69c0609167f4af97ccfc0b91b\" style=\"margin-bottom:var(--wp--preset--spacing--20)\">QUI SOM<\/h2>\n\n\n\n<figure class=\"wp-block-image aligncenter size-large is-resized has-custom-border hostinger-ai-image hostinger-index-6\"><img loading=\"lazy\" decoding=\"async\" width=\"682\" height=\"1024\" src=\"https:\/\/latapinxeria.com\/wp-content\/uploads\/2025\/01\/IMG_0313-682x1024.jpg\" alt=\"Juan Taranc\u00f3n, l\u00edder.\" class=\"wp-image-76\" style=\"border-radius:8px;width:345px;height:auto\" srcset=\"https:\/\/latapinxeria.com\/wp-content\/uploads\/2025\/01\/IMG_0313-682x1024.jpg 682w, https:\/\/latapinxeria.com\/wp-content\/uploads\/2025\/01\/IMG_0313-200x300.jpg 200w, https:\/\/latapinxeria.com\/wp-content\/uploads\/2025\/01\/IMG_0313-768x1152.jpg 768w, https:\/\/latapinxeria.com\/wp-content\/uploads\/2025\/01\/IMG_0313-1024x1536.jpg 1024w, https:\/\/latapinxeria.com\/wp-content\/uploads\/2025\/01\/IMG_0313-1365x2048.jpg 1365w, https:\/\/latapinxeria.com\/wp-content\/uploads\/2025\/01\/IMG_0313-scaled.jpg 1706w\" sizes=\"auto, (max-width: 682px) 100vw, 682px\" \/><figcaption class=\"wp-element-caption\">Juan Taranc\u00f3n<\/figcaption><\/figure>\n<\/div>\n\n\n\n<div class=\"wp-block-column is-vertically-aligned-center is-layout-flow wp-block-column-is-layout-flow\">\n<p class=\"hostinger-ai-workplace hostinger-index-1\" style=\"margin-top:0px;margin-bottom:0\">Vam obrir les nostres portes a l'abril de 2019 a Borriol amb un somni: oferir-te una experi\u00e8ncia gastron\u00f2mica \u00fanica. Ens enfoquem en la qualitat, cuinant tot al moment amb les millors mat\u00e8ries primeres, i en un tracte proper que et fa\u00e7a sentir com a casa.<\/p>\n\n\n\n<p>La nostra carta variada, amb opcions per a tots els gustos, i el nostre ambient c\u00e0lid ens converteixen en el lloc ideal tant per a esmorzars r\u00e0pids com per a sopars especials. A m\u00e9s, volem sorprendre't dins i fora del local, compartint la nostra ess\u00e8ncia tamb\u00e9 en xarxes socials.<\/p>\n\n\n\n<p>A La Tapinxeria, cada visita \u00e9s un moment especial. T'esperem perqu\u00e8 ho descobrisques!<\/p>\n<\/div>\n<\/div>\n<\/div>\n<\/div>\n\n\n\n<div class=\"wp-block-group alignfull hostinger-ai-about-us-3 hostinger-ai-fade-up has-global-padding is-layout-constrained wp-block-group-is-layout-constrained\" data-aos=\"fade-up\">\n<div class=\"wp-block-columns alignwide is-layout-flex wp-container-core-columns-is-layout-2 wp-block-columns-is-layout-flex\">\n<div class=\"wp-block-column is-layout-flow wp-block-column-is-layout-flow\" style=\"flex-basis:60%\">\n<figure class=\"wp-block-image aligncenter size-full is-resized has-custom-border hostinger-ai-service-image hostinger-index-3\"><img loading=\"lazy\" decoding=\"async\" width=\"2560\" height=\"2560\" src=\"https:\/\/latapinxeria.com\/wp-content\/uploads\/2025\/02\/e3cdcb5d-40d2-47b0-9976-08e4042102d7-edited-2-scaled.jpg\" alt=\"\" class=\"wp-image-153\" style=\"border-radius:8px;width:429px;height:auto\" srcset=\"https:\/\/latapinxeria.com\/wp-content\/uploads\/2025\/02\/e3cdcb5d-40d2-47b0-9976-08e4042102d7-edited-2-scaled.jpg 2560w, https:\/\/latapinxeria.com\/wp-content\/uploads\/2025\/02\/e3cdcb5d-40d2-47b0-9976-08e4042102d7-edited-2-300x300.jpg 300w, https:\/\/latapinxeria.com\/wp-content\/uploads\/2025\/02\/e3cdcb5d-40d2-47b0-9976-08e4042102d7-edited-2-1024x1024.jpg 1024w, https:\/\/latapinxeria.com\/wp-content\/uploads\/2025\/02\/e3cdcb5d-40d2-47b0-9976-08e4042102d7-edited-2-150x150.jpg 150w, https:\/\/latapinxeria.com\/wp-content\/uploads\/2025\/02\/e3cdcb5d-40d2-47b0-9976-08e4042102d7-edited-2-768x768.jpg 768w, https:\/\/latapinxeria.com\/wp-content\/uploads\/2025\/02\/e3cdcb5d-40d2-47b0-9976-08e4042102d7-edited-2-1536x1536.jpg 1536w, https:\/\/latapinxeria.com\/wp-content\/uploads\/2025\/02\/e3cdcb5d-40d2-47b0-9976-08e4042102d7-edited-2-2048x2048.jpg 2048w\" sizes=\"auto, (max-width: 2560px) 100vw, 2560px\" \/><\/figure>\n<\/div>\n\n\n\n<div class=\"wp-block-column is-vertically-aligned-center is-layout-flow wp-block-column-is-layout-flow\" style=\"flex-basis:40%\">\n<div class=\"wp-block-group hostinger-ai-fade-up wp-container-content-1 is-vertical is-content-justification-center is-nowrap is-layout-flex wp-container-core-group-is-layout-3 wp-block-group-is-layout-flex\" data-aos=\"fade-up\" style=\"padding-right:var(--wp--preset--spacing--20);padding-left:var(--wp--preset--spacing--20)\">\n<figure class=\"wp-block-image size-large is-resized has-custom-border hostinger-ai-service-image hostinger-index-3\"><img loading=\"lazy\" decoding=\"async\" width=\"1024\" height=\"1024\" src=\"https:\/\/latapinxeria.com\/wp-content\/uploads\/2025\/01\/IMG_0293-5-edited-1024x1024.jpg\" alt=\"Plato con tortillas de patata\" class=\"wp-image-105\" style=\"border-radius:8px;width:418px;height:auto\" srcset=\"https:\/\/latapinxeria.com\/wp-content\/uploads\/2025\/01\/IMG_0293-5-edited-1024x1024.jpg 1024w, https:\/\/latapinxeria.com\/wp-content\/uploads\/2025\/01\/IMG_0293-5-edited-300x300.jpg 300w, https:\/\/latapinxeria.com\/wp-content\/uploads\/2025\/01\/IMG_0293-5-edited-150x150.jpg 150w, https:\/\/latapinxeria.com\/wp-content\/uploads\/2025\/01\/IMG_0293-5-edited-768x768.jpg 768w, https:\/\/latapinxeria.com\/wp-content\/uploads\/2025\/01\/IMG_0293-5-edited-1536x1536.jpg 1536w, https:\/\/latapinxeria.com\/wp-content\/uploads\/2025\/01\/IMG_0293-5-edited-2048x2048.jpg 2048w\" sizes=\"auto, (max-width: 1024px) 100vw, 1024px\" \/><\/figure>\n<\/div>\n<\/div>\n<\/div>\n<\/div>","protected":false},"excerpt":{"rendered":"<p>Qui\u00e9nes somos Abrimos nuestras puertas en abril de 2019 en Borriol con un sue\u00f1o: ofrecerte una experiencia gastron\u00f3mica \u00fanica. Nos enfocamos en la calidad, cocinando todo al momento con las mejores materias primas, y en un trato cercano que te haga sentir como en casa. Nuestra carta variada, con opciones para todos los gustos, y [&hellip;]<\/p>","protected":false},"author":1,"featured_media":0,"parent":0,"menu_order":0,"comment_status":"closed","ping_status":"closed","template":"","meta":{"footnotes":""},"class_list":["post-5","page","type-page","status-publish","hentry"],"_links":{"self":[{"href":"https:\/\/latapinxeria.com\/va\/wp-json\/wp\/v2\/pages\/5","targetHints":{"allow":["GET"]}}],"collection":[{"href":"https:\/\/latapinxeria.com\/va\/wp-json\/wp\/v2\/pages"}],"about":[{"href":"https:\/\/latapinxeria.com\/va\/wp-json\/wp\/v2\/types\/page"}],"author":[{"embeddable":true,"href":"https:\/\/latapinxeria.com\/va\/wp-json\/wp\/v2\/users\/1"}],"replies":[{"embeddable":true,"href":"https:\/\/latapinxeria.com\/va\/wp-json\/wp\/v2\/comments?post=5"}],"version-history":[{"count":17,"href":"https:\/\/latapinxeria.com\/va\/wp-json\/wp\/v2\/pages\/5\/revisions"}],"predecessor-version":[{"id":155,"href":"https:\/\/latapinxeria.com\/va\/wp-json\/wp\/v2\/pages\/5\/revisions\/155"}],"wp:attachment":[{"href":"https:\/\/latapinxeria.com\/va\/wp-json\/wp\/v2\/media?parent=5"}],"curies":[{"name":"wp","href":"https:\/\/api.w.org\/{rel}","templated":true}]}}