{"id":4,"date":"2025-01-24T10:41:29","date_gmt":"2025-01-24T10:41:29","guid":{"rendered":"https:\/\/latapinxeria.com\/inicio\/"},"modified":"2025-02-13T10:06:41","modified_gmt":"2025-02-13T10:06:41","slug":"inicio","status":"publish","type":"page","link":"https:\/\/latapinxeria.com\/va\/","title":{"rendered":"Inici"},"content":{"rendered":"<div class=\"wp-block-group alignfull hostinger-ai-hero-1 hostinger-ai-fade-up has-color-1-background-color has-background has-global-padding is-layout-constrained wp-block-group-is-layout-constrained\" data-aos=\"fade-up\">\n<div class=\"wp-block-group alignwide hostinger-ai-fade-up is-layout-grid wp-container-core-group-is-layout-3 wp-block-group-is-layout-grid\" data-aos=\"fade-up\" style=\"padding-top:var(--wp--preset--spacing--60);padding-bottom:var(--wp--preset--spacing--60)\">\n<div class=\"wp-block-group hostinger-ai-fade-up wp-container-content-1 is-vertical is-content-justification-center is-nowrap is-layout-flex wp-container-core-group-is-layout-1 wp-block-group-is-layout-flex\" data-aos=\"fade-up\">\n<h1 class=\"wp-block-heading hostinger-ai-title has-dark-color has-text-color has-link-color has-xx-large-font-size wp-elements-51613452d0fcf22b8607d9e94487156d\" style=\"margin-top:0;margin-right:0;margin-bottom:0;margin-left:0\">Sabor Aut\u00e8ntic<\/h1>\n\n\n\n<p class=\"hostinger-ai-description has-dark-color has-text-color has-link-color has-medium-font-size wp-elements-7f0efd9049d209bd39146b547831831d\" style=\"margin-top:0;margin-bottom:var(--wp--preset--spacing--50)\"><br>Benvinguts a La Tapinxeria, on la gastronomia es converteix en una experi\u00e8ncia \u00fanica amb productes frescos i un ambient acollidor. Descobreix una experi\u00e8ncia culin\u00e0ria \u00fanica amb productes frescos i de qualitat! <\/p>\n\n\n\n<div class=\"wp-block-buttons is-content-justification-center is-layout-flex wp-container-core-buttons-is-layout-1 wp-block-buttons-is-layout-flex\">\n<div class=\"wp-block-button has-custom-font-size hostinger-ai-cta-button hostinger-index-0 has-medium-font-size\"><a class=\"wp-block-button__link has-dark-color has-text-color has-link-color has-border-color has-dark-border-color wp-element-button\" href=\"https:\/\/latapinxeria.com\/va\/menu\/\" style=\"padding-top:var(--wp--preset--spacing--30);padding-right:var(--wp--preset--spacing--70);padding-bottom:var(--wp--preset--spacing--30);padding-left:var(--wp--preset--spacing--70)\">Explorar Men\u00fa<\/a><\/div>\n<\/div>\n<\/div>\n\n\n\n<div class=\"wp-block-group hostinger-ai-fade-up has-global-padding is-layout-constrained wp-block-group-is-layout-constrained\" data-aos=\"fade-up\">\n<figure class=\"wp-block-gallery has-nested-images columns-default is-cropped wp-block-gallery-1 is-layout-flex wp-block-gallery-is-layout-flex\">\n<figure class=\"wp-block-image size-full has-custom-border hostinger-ai-image\"><img loading=\"lazy\" decoding=\"async\" width=\"2560\" height=\"1440\" src=\"https:\/\/latapinxeria.com\/wp-content\/uploads\/2025\/02\/122427e3-780c-422c-bf37-102ea48da7c1-1-edited-2-scaled.jpg\" alt=\"\" class=\"wp-image-146\" style=\"border-radius:8px\" srcset=\"https:\/\/latapinxeria.com\/wp-content\/uploads\/2025\/02\/122427e3-780c-422c-bf37-102ea48da7c1-1-edited-2-scaled.jpg 2560w, https:\/\/latapinxeria.com\/wp-content\/uploads\/2025\/02\/122427e3-780c-422c-bf37-102ea48da7c1-1-edited-2-300x169.jpg 300w, https:\/\/latapinxeria.com\/wp-content\/uploads\/2025\/02\/122427e3-780c-422c-bf37-102ea48da7c1-1-edited-2-1024x576.jpg 1024w, https:\/\/latapinxeria.com\/wp-content\/uploads\/2025\/02\/122427e3-780c-422c-bf37-102ea48da7c1-1-edited-2-768x432.jpg 768w, https:\/\/latapinxeria.com\/wp-content\/uploads\/2025\/02\/122427e3-780c-422c-bf37-102ea48da7c1-1-edited-2-1536x864.jpg 1536w, https:\/\/latapinxeria.com\/wp-content\/uploads\/2025\/02\/122427e3-780c-422c-bf37-102ea48da7c1-1-edited-2-2048x1152.jpg 2048w\" sizes=\"auto, (max-width: 2560px) 100vw, 2560px\" \/><\/figure>\n<\/figure>\n<\/div>\n<\/div>\n<\/div>\n\n\n\n<div class=\"wp-block-group alignfull hostinger-ai-about-us-3 hostinger-ai-fade-up has-global-padding is-layout-constrained wp-block-group-is-layout-constrained\" data-aos=\"fade-up\">\n<div class=\"wp-block-columns alignwide is-layout-flex wp-container-core-columns-is-layout-1 wp-block-columns-is-layout-flex\">\n<div class=\"wp-block-column is-layout-flow wp-block-column-is-layout-flow\" style=\"flex-basis:60%\">\n<figure class=\"wp-block-image aligncenter size-full is-resized has-custom-border hostinger-ai-service-image hostinger-index-3\"><img loading=\"lazy\" decoding=\"async\" width=\"2560\" height=\"1702\" src=\"https:\/\/latapinxeria.com\/wp-content\/uploads\/2025\/01\/IMG_0218-scaled.jpg\" alt=\"Mesa con platos de comida\" class=\"wp-image-65\" style=\"border-radius:8px;width:626px;height:auto\" srcset=\"https:\/\/latapinxeria.com\/wp-content\/uploads\/2025\/01\/IMG_0218-scaled.jpg 2560w, https:\/\/latapinxeria.com\/wp-content\/uploads\/2025\/01\/IMG_0218-300x199.jpg 300w, https:\/\/latapinxeria.com\/wp-content\/uploads\/2025\/01\/IMG_0218-1024x681.jpg 1024w, https:\/\/latapinxeria.com\/wp-content\/uploads\/2025\/01\/IMG_0218-768x511.jpg 768w, https:\/\/latapinxeria.com\/wp-content\/uploads\/2025\/01\/IMG_0218-1536x1021.jpg 1536w, https:\/\/latapinxeria.com\/wp-content\/uploads\/2025\/01\/IMG_0218-2048x1362.jpg 2048w\" sizes=\"auto, (max-width: 2560px) 100vw, 2560px\" \/><\/figure>\n<\/div>\n\n\n\n<div class=\"wp-block-column is-vertically-aligned-center is-layout-flow wp-block-column-is-layout-flow\" style=\"flex-basis:40%\">\n<div class=\"wp-block-group hostinger-ai-fade-up wp-container-content-2 is-vertical is-content-justification-center is-nowrap is-layout-flex wp-container-core-group-is-layout-5 wp-block-group-is-layout-flex\" data-aos=\"fade-up\" style=\"padding-right:var(--wp--preset--spacing--20);padding-left:var(--wp--preset--spacing--20)\">\n<figure class=\"wp-block-image size-large is-resized has-custom-border hostinger-ai-service-image hostinger-index-3\"><img loading=\"lazy\" decoding=\"async\" width=\"2560\" height=\"2560\" src=\"https:\/\/latapinxeria.com\/wp-content\/uploads\/2025\/01\/IMG_0231-edited-scaled.jpg\" alt=\"Sirviendo plato de comida\" class=\"wp-image-69\" style=\"border-radius:8px;width:418px;height:auto\" srcset=\"https:\/\/latapinxeria.com\/wp-content\/uploads\/2025\/01\/IMG_0231-edited-scaled.jpg 2560w, https:\/\/latapinxeria.com\/wp-content\/uploads\/2025\/01\/IMG_0231-edited-300x300.jpg 300w, https:\/\/latapinxeria.com\/wp-content\/uploads\/2025\/01\/IMG_0231-edited-1024x1024.jpg 1024w, https:\/\/latapinxeria.com\/wp-content\/uploads\/2025\/01\/IMG_0231-edited-150x150.jpg 150w, https:\/\/latapinxeria.com\/wp-content\/uploads\/2025\/01\/IMG_0231-edited-768x768.jpg 768w, https:\/\/latapinxeria.com\/wp-content\/uploads\/2025\/01\/IMG_0231-edited-1536x1536.jpg 1536w, https:\/\/latapinxeria.com\/wp-content\/uploads\/2025\/01\/IMG_0231-edited-2048x2048.jpg 2048w\" sizes=\"auto, (max-width: 2560px) 100vw, 2560px\" \/><\/figure>\n<\/div>\n<\/div>\n<\/div>\n<\/div>\n\n\n\n<div class=\"wp-block-group alignfull hostinger-ai-solid-block hostinger-ai-fade-up has-color-1-background-color has-background has-global-padding is-layout-constrained wp-block-group-is-layout-constrained\" data-aos=\"fade-up\" style=\"padding-top:var(--wp--preset--spacing--60);padding-bottom:var(--wp--preset--spacing--60)\">\n<div class=\"wp-block-group alignwide hostinger-ai-fade-up is-vertical is-content-justification-center is-nowrap is-layout-flex wp-container-core-group-is-layout-8 wp-block-group-is-layout-flex\" data-aos=\"fade-up\" style=\"min-height:0px;padding-top:0;padding-bottom:0\">\n<div class=\"wp-block-group hostinger-ai-fade-up wp-container-content-3 has-global-padding is-content-justification-center is-layout-constrained wp-container-core-group-is-layout-7 wp-block-group-is-layout-constrained\" data-aos=\"fade-up\">\n<h2 class=\"wp-block-heading has-text-align-center hostinger-ai-title has-dark-color has-text-color has-link-color has-x-large-font-size wp-elements-4d7fe269a58cd714df996be1de18b2a3\" style=\"margin-top:0;margin-right:0;margin-bottom:0;margin-left:0\">DESCOBREIX SABORS \u00daNICS<\/h2>\n\n\n\n<p class=\"has-text-align-center hostinger-ai-description has-dark-color has-text-color has-link-color has-medium-font-size wp-elements-1b64e41bc6ed5cde43186eac949cbfa7\" style=\"margin-top:var(--wp--preset--spacing--20);margin-bottom:var(--wp--preset--spacing--50)\">Submergeix-te en una experi\u00e8ncia culin\u00e0ria excepcional a La Tapinxeria. Vine i gaudeix de les nostres truites i plats aut\u00e8ntics.<\/p>\n\n\n\n<div class=\"wp-block-buttons is-content-justification-center is-layout-flex wp-container-core-buttons-is-layout-2 wp-block-buttons-is-layout-flex\">\n<div class=\"wp-block-button has-custom-font-size hostinger-ai-cta-button has-medium-font-size\"><a class=\"wp-block-button__link has-dark-color has-contrast-background-color has-text-color has-background has-link-color has-border-color has-dark-border-color wp-element-button\" href=\"https:\/\/wa.me\/34670044092\" style=\"padding-top:var(--wp--preset--spacing--30);padding-right:var(--wp--preset--spacing--70);padding-bottom:var(--wp--preset--spacing--30);padding-left:var(--wp--preset--spacing--70)\">Reservar<\/a><\/div>\n<\/div>\n<\/div>\n<\/div>\n<\/div>\n\n\n\n<p><\/p>","protected":false},"excerpt":{"rendered":"<p>Sabor Aut\u00e9ntico Bienvenidos a La Tapinxeria, donde la gastronom\u00eda se convierte en una experiencia \u00fanica con productos frescos y un ambiente acogedor. \u00a1Descubre una experiencia culinaria \u00fanica con productos frescos y de calidad! Descubre Sabores \u00danicos Sum\u00e9rgete en una experiencia culinaria excepcional en La Tapinxeria. Ven y disfruta de nuestras tortillas y platos aut\u00e9nticos.<\/p>","protected":false},"author":1,"featured_media":0,"parent":0,"menu_order":0,"comment_status":"closed","ping_status":"closed","template":"","meta":{"footnotes":""},"class_list":["post-4","page","type-page","status-publish","hentry"],"_links":{"self":[{"href":"https:\/\/latapinxeria.com\/va\/wp-json\/wp\/v2\/pages\/4","targetHints":{"allow":["GET"]}}],"collection":[{"href":"https:\/\/latapinxeria.com\/va\/wp-json\/wp\/v2\/pages"}],"about":[{"href":"https:\/\/latapinxeria.com\/va\/wp-json\/wp\/v2\/types\/page"}],"author":[{"embeddable":true,"href":"https:\/\/latapinxeria.com\/va\/wp-json\/wp\/v2\/users\/1"}],"replies":[{"embeddable":true,"href":"https:\/\/latapinxeria.com\/va\/wp-json\/wp\/v2\/comments?post=4"}],"version-history":[{"count":13,"href":"https:\/\/latapinxeria.com\/va\/wp-json\/wp\/v2\/pages\/4\/revisions"}],"predecessor-version":[{"id":206,"href":"https:\/\/latapinxeria.com\/va\/wp-json\/wp\/v2\/pages\/4\/revisions\/206"}],"wp:attachment":[{"href":"https:\/\/latapinxeria.com\/va\/wp-json\/wp\/v2\/media?parent=4"}],"curies":[{"name":"wp","href":"https:\/\/api.w.org\/{rel}","templated":true}]}}