{"id":3,"date":"2025-01-24T10:32:44","date_gmt":"2025-01-24T10:32:44","guid":{"rendered":"http:\/\/latapinxeria.com\/?page_id=3"},"modified":"2025-02-13T11:10:58","modified_gmt":"2025-02-13T11:10:58","slug":"politica-de-privacidad","status":"publish","type":"page","link":"https:\/\/latapinxeria.com\/va\/politica-de-privacidad\/","title":{"rendered":"Pol\u00edtica de privacitat"},"content":{"rendered":"<p>El Titular us informa sobre la seva Pol\u00edtica de Privacitat respecte del tractament i protecci\u00f3 de les dades de car\u00e0cter personal dels usuaris  que puguin ser recollits durant la navegaci\u00f3 a trav\u00e9s del Lloc Web: <a href=\"\">https:\/\/latapinxeria.com<\/a>\n<\/p>\n\n<p>\n\tEn aquest sentit, el Titular garanteix el compliment de la normativa vigent en mat\u00e8ria de protecci\u00f3 de dades personals, reflectida a la Llei Org\u00e0nica 3\/2018, de 5 de desembre, de Protecci\u00f3 de Dades Personals i de Garantia de Drets Digitals (LOPD GDD). Compleix tamb\u00e9 amb el Reglament (UE) 2016\/679 del Parlament Europeu i del Consell de 27 d&#039;abril del 2016 relatiu a la protecci\u00f3 de les persones f\u00edsiques (RGPD).\n<\/p>\n\n<p>\n\tL&#039;\u00fas del lloc web implica l&#039;acceptaci\u00f3 d&#039;aquesta Pol\u00edtica de Privacitat&nbsp;aix\u00ed com les condicions incloses en l&#039;<a href=\"https:\/\/latapinxeria.com\/va\/aviso-legal\/\">Av\u00eds Legal<\/a>.\n<\/p>\n\n<h2>Identitat del Responsable<\/h2>\n<p>\n  <ul>    \n    <li>\n      <b>Responsable:<\/b>&nbsp;   \n      JUAN TARANC\u00d3N RIOS.\n      \n    <\/li>\n    \n    <li>\n      <b>NIF:<\/b>&nbsp;52945427W\n      \n    <\/li>\n\n\n    <li>\n      <b>Domicili:<\/b>&nbsp;\n       Av. Saragossa, 77, 12190 Borriol, Castell\u00f3,  Castell\u00f3n - Espanya.\n    <\/li>\n    \n    <li>\n      <b>Correu electr\u00f2nic:<\/b>&nbsp;\n      latapinxeria@gmail.com\n    <\/li>\n    \n\n    <li>\n      <b>Lloc Web:<\/b>&nbsp;\n      <a href=\"\">https:\/\/latapinxeria.com<\/a>\n    <\/li>\n  <\/ul>\n<\/p>\n\n\n<h2>Principis aplicats al tractament de dades<\/h2>\n<p>\n\tEn el tractament de les vostres dades personals, el Titular aplicar\u00e0 els seg\u00fcents principis que s&#039;ajusten a les exig\u00e8ncies del nou reglament europeu de protecci\u00f3 de dades (RGPD):\n<\/p>\n\n<p>\n  <ul>\n    <li>\n      Principi de licitud, lleialtat i transpar\u00e8ncia: El Titular sempre requerir\u00e0 el consentiment per al tractament de les dades personals que pot ser per a un o diversos fins espec\u00edfics sobre els quals el Titular informar\u00e0 l&#039;Usuari pr\u00e8viament amb absoluta transpar\u00e8ncia.\n    <\/li>\n    <li>\n      Principi de minimitzaci\u00f3 de dades: El Titular sol\u00b7licitar\u00e0 nom\u00e9s les dades estrictament necess\u00e0ries per a la finalitat o fins que les sol\u00b7licita.\n    <\/li> \n    <li>\n      Principi de limitaci\u00f3 del termini de conservaci\u00f3: El Titular mantindr\u00e0 les dades personals demanades durant el temps estrictament necessari per a la fi o fins del tractament. El titular informar\u00e0 l&#039;usuari del termini de conservaci\u00f3 corresponent segons la finalitat.\n      <br>En cas de subscripcions, el Titular revisar\u00e0 peri\u00f2dicament les llistes i eliminar\u00e0 aquells registres inactius durant un temps considerable.\n    <\/li>\n    <li>\n      Principi d&#039;integritat i confidencialitat: Les dades personals recollides seran tractades de manera que la seva seguretat, confidencialitat i integritat est\u00e0 garantida.\n      <br>El Titular pren les precaucions necess\u00e0ries per evitar l&#039;acc\u00e9s no autoritzat o \u00fas indegut de les dades dels usuaris per part de tercers.\n    <\/li>\n  <\/ul>\n<\/p>\n\n<h2>Obtenci\u00f3 de dades personals<\/h2>\n<p>\n  Per navegar pel lloc web no cal que faciliti cap dada personal.\n<\/p>\n\n\n<h2>Drets<\/h2>\n<p>\n  El Titular us informa que sobre les vostres dades personals teniu dret a:\n<\/p>\n<p>\n  <ul>\n    <li>Sol\u00b7licitar l&#039;acc\u00e9s a les dades emmagatzemades.<\/li>\n    <li>Sol\u00b7licitar una rectificaci\u00f3 o la supressi\u00f3.<\/li>\n    <li>Sol\u00b7licitar la limitaci\u00f3 del tractament.<\/li>\n    <li>Oposar-se al tractament.<\/li>\n  <\/ul>\n<\/p>\n<p>\n  No podeu exercir el dret a la portabilitat de les dades.\n<\/p>\n\n<p>\n  L&#039;exercici d&#039;aquests drets \u00e9s personal i, per tant, ha de ser exercit directament per l&#039;interessat, sol\u00b7licitant-ho directament al Titular, la qual cosa significa que qualsevol client, subscriptor o col\u00b7laborador que hagi facilitat les seves dades en algun moment, pot adre\u00e7ar-se al Titular i demanar informaci\u00f3 sobre les dades que t\u00e9 emmagatzemades i com les ha obtingut, sol\u00b7licitar-ne la rectificaci\u00f3, oposar-se al tractament, limitar-ne l&#039;\u00fas o sol\u00b7licitar la supressi\u00f3 d&#039;aquestes dades als fitxers del Titular.\n<\/p>\n\n<p>  \n  Per exercir els vostres drets heu d&#039;enviar la vostra petici\u00f3 juntament amb una fotoc\u00f2pia del Document Nacional d&#039;Identitat o equivalent a&nbsp;\n  l&#039;adre\u00e7a de correu electr\u00f2nic:&nbsplatapinxeria@gmail.com\n<\/p>\n\n<p>\n  L&#039;exercici d&#039;aquests drets no inclou cap dada que el Titular estigui obligat a conservar amb fins administratius, legals o de seguretat.\n<\/p>\n\n<p>\n  T\u00e9 dret a la tutela judicial efectiva i a presentar una reclamaci\u00f3 davant l&#039;autoritat de control, en aquest cas, l&#039;Ag\u00e8ncia Espanyola de Protecci\u00f3 de Dades, si considera que el tractament de dades personals que el concerneixen infringeix el Reglament.\n<\/p>\n\n<h2 id=\"finalidad-del-tratamiento-de-datos-personales\">Finalitat del tractament de dades personals<\/h2>\n<p>\n  Quan vost\u00e8 es connecta al Lloc Web per enviar un correu al Titular,  se subscriu al seu butllet\u00ed  est\u00e0 facilitant informaci\u00f3 de car\u00e0cter personal de la qual el responsable \u00e9s el Titular. Aquesta informaci\u00f3 pot incloure dades de car\u00e0cter personal com poden ser la vostra adre\u00e7a IP, nom i cognoms, adre\u00e7a f\u00edsica, adre\u00e7a de correu electr\u00f2nic, n\u00famero de tel\u00e8fon, i altra informaci\u00f3. En facilitar aquesta informaci\u00f3, dona el consentiment perqu\u00e8 la seva informaci\u00f3 sigui recopilada, utilitzada, gestionada i emmagatzemada per \n  \n  &mdash;\n  \n  JUAN TARANC\u00d3N RIOS\n  &mdash;\n    nom\u00e9s com es descriu a les p\u00e0gines:\n    <ul>\n      <li><a href=\"https:\/\/latapinxeria.com\/va\/aviso-legal\/\">Av\u00eds Legal<\/a><\/li>\n      <li><a href=\"https:\/\/latapinxeria.com\/va\/politica-de-privacidad\/\">Pol\u00edtica de Privacitat<\/a><\/li>\n    <\/ul>\n<\/p>\n<p>\n  Les dades personals i la finalitat del tractament per part del Titular s\u00f3n diferents segons el sistema de captura d&#039;informaci\u00f3:\n<\/p>\n<p>\n  <ul>    \n  <\/ul> \n<\/p>\n<p>   \n  Hi ha altres finalitats per les quals el Titular tracta dades personals:\n<\/p>\n<p>\n  <ul>\n    <li>\n      Per garantir el compliment de les condicions recollides a la p\u00e0gina d&#039;Av\u00eds Legal i de  la llei aplicable. Aix\u00f2 pot incloure el desenvolupament d&#039;eines i algorismes que ajudin el Lloc Web a garantir la confidencialitat de les dades personals que recull.\n    <\/li>\n    <li>\n      Per donar suport i millorar els serveis que ofereix aquest Lloc Web.\n    <\/li>\n    <li>\n      Per analitzar la navegaci\u00f3 dels usuaris. El Titular recull altres dades no identificatives que s&#039;obtenen mitjan\u00e7ant l&#039;\u00fas de cookies que es descarreguen a l&#039;ordinador de l&#039;Usuari quan navega pel Lloc Web les caracter\u00edstiques i finalitat del qual estan detallades a la p\u00e0gina de  <a href=\"https:\/\/latapinxeria.com\/va\/politica-de-cookies\/\">Pol\u00edtica de Cookies<\/a>.\n    <\/li>\n    <li>\n      <p>\n      Per gestionar les xarxes socials. El Titular t\u00e9 pres\u00e8ncia a les xarxes socials.\n        Si es fa seguidor a les xarxes socials del Titular el tractament de les dades personals es regir\u00e0 per aquest apartat, aix\u00ed com per aquelles condicions d&#039;\u00fas, pol\u00edtiques de privacitat i normatives d&#039;acc\u00e9s que pertanyin a la xarxa social que sigui procedent en cada cas i que ha acceptat pr\u00e8viament.\n        <br>\n        Podeu consultar les pol\u00edtiques de privacitat de les principals xarxes socials en aquests enlla\u00e7os:\n      <\/p>\n      <p>     \n      <ul>\n        <li><a href=\"https:\/\/www.facebook.com\/help\/cookies\" rel=\"nofollow\" target=\"_blank\">Facebook<\/a><\/li>\n        <li><a href=\"https:\/\/twitter.com\/privacy\" rel=\"nofollow\" target=\"_blank\">Twitter<\/a><\/li>\n        <li><a href=\"https:\/\/www.linkedin.com\/legal\/cookie-policy\" rel=\"nofollow\" target=\"_blank\">Linkedin<\/a><\/li>\n        <li><a href=\"https:\/\/www.youtube.com\/privacy\" rel=\"nofollow\" target=\"_blank\">YouTube<\/a><\/li>\n        <li><a href=\"https:\/\/www.instagram.com\/legal\/privacy\/\" rel=\"nofollow\" target=\"_blank\">Instagram<\/a><\/li>\n      <\/ul>\n      <\/p>\n      <p>\n        El Titular tractar\u00e0 les vostres dades personals amb la finalitat d&#039;administrar correctament la vostra pres\u00e8ncia a la xarxa social, informar-vos de les vostres activitats, aix\u00ed com per a qualsevol altra finalitat que les normatives de les xarxes socials permeten.\n      <\/p>\n      <p>\n        En cap cas el Titular no utilitzar\u00e0 els perfils de seguidors en xarxes socials per enviar publicitat de manera individual.\n      <\/p>\n    <\/li>\n  <\/ul>\n<\/p>\n\n\n<h2>Seguretat de les dades personals<\/h2>\n<p>\n  Per protegir les vostres dades personals, el Titular pren totes les precaucions raonables i segueix les millors pr\u00e0ctiques de la ind\u00fastria per evitar-ne la p\u00e8rdua, mal \u00fas, acc\u00e9s indegut, divulgaci\u00f3, alteraci\u00f3 o destrucci\u00f3.\n<\/p>\n  <p>\n    Les vostres dades podran ser incorporades a un fitxer de llista de correu, del qual el Titular \u00e9s responsable de la seva gesti\u00f3 i tractament. La seguretat de les vostres dades est\u00e0 garantida, ja que el Titular pren totes les mesures de seguretat necess\u00e0ries i us garanteix que les dades personals nom\u00e9s s&#039;usaran per a les finalitats donades.\n  <\/p>\n\n\n  <p>\n    El Titular informa l&#039;Usuari que les seves dades personals no seran cedides a terceres organitzacions, llevat que aquesta cessi\u00f3 de dades estigui emparada en una obligaci\u00f3 legal o quan la prestaci\u00f3 d&#039;un servei impliqui la necessitat d&#039;una relaci\u00f3 contractual amb un encarregat de tractament. En aquest darrer cas, nom\u00e9s es dur\u00e0 a terme la cessi\u00f3 de dades al tercer quan el Titular disposi del consentiment expr\u00e9s de l&#039;Usuari.\n  <\/p>\n  <p>\n    Tot i aix\u00f2, en alguns casos es poden realitzar col\u00b7laboracions amb altres professionals, en aquests casos, es requerir\u00e0 consentiment a l&#039;Usuari informant sobre la identitat del col\u00b7laborador i la finalitat de la col\u00b7laboraci\u00f3. Sempre es realitzar\u00e0 amb els est\u00e0ndards de seguretat m\u00e9s estrictes.\n  <\/p>\n\n\n<h2>Contingut d&#039;altres llocs web<\/h2>\n<p>\n  Les p\u00e0gines d&#039;aquest lloc web poden incloure contingut incrustat (per exemple, v\u00eddeos, imatges, articles, etc.). El contingut incrustat d&#039;altres webs es comporta exactament de la mateixa manera que si hagu\u00e9ssiu visitat l&#039;altra web.\n<\/p>\n<p>\n  Aquests llocs web poden recopilar dades sobre vost\u00e8, utilitzar cookies, incrustar un codi de seguiment addicional de tercers i supervisar la seva interacci\u00f3 usant aquest codi.\n<\/p>\n\n\n<h2>Pol\u00edtica de Cookies<\/h2>\n<p>\n  Perqu\u00e8 aquest lloc web funcioni correctament heu d&#039;utilitzar cookies, que \u00e9s una informaci\u00f3 que s&#039;emmagatzema al vostre navegador web. \n  \n  <p>\n    Podeu consultar tota la informaci\u00f3 relativa a la pol\u00edtica de recollida i tractament de les cookies a la p\u00e0gina de  <a href=\"https:\/\/latapinxeria.com\/va\/politica-de-cookies\/\">Pol\u00edtica de Cookies<\/a>.\n  <\/p>\n<\/p>\n\n\n\n<h2>Legitimaci\u00f3 per al tractament de dades<\/h2>\n<p>\n  La base legal per al tractament de les vostres dades \u00e9s:\n  <ul>\n    <li>\n      El consentiment de l&#039;interessat.\n    <\/li> \n  <\/ul>\n<\/p>\n\n\n<h2>Categories de dades personals<\/h2>\n<p>\n  Les categories de dades personals que tracta el Titular s\u00f3n:\n<\/p>\n<p>\n  <ul>    \n    <li>Dades identificatives.<\/li>\n    <li>No es tracten categories de dades especialment protegides.<\/li>\n  <\/ul>\n<\/p>\n\n\n<h2>Conservaci\u00f3 de dades personals<\/h2>\n<p>  \n  Les dades personals proporcionades al Titular es conservaran fins que sol\u00b7liciti la supressi\u00f3.\n<\/p>\n\n\n<div id=\"destinatarios\">\n<p>\n  <ul>  \n  <\/ul>\n<\/p>\n<\/div>\n\n\n\n<h2>Navegaci\u00f3 Web<\/h2>\n<p>\n  En navegar pel Lloc Web es poden recollir dades no identificatives, que poden incloure, l&#039;adre\u00e7a IP, geolocalitzaci\u00f3, un registre de com s&#039;utilitzen els serveis i llocs, h\u00e0bits de navegaci\u00f3 i altres dades que no poden ser utilitzades per identificar-vos.\n<\/p>\n\n<p>\n  El lloc web utilitza els seg\u00fcents serveis d&#039;an\u00e0lisi de tercers:\n<\/p>\n\n<p>\n  <ul>\n    \n    \n    \n  <\/ul>\n<\/p>\n<p>\n  El Titular utilitza la informaci\u00f3 obtinguda per obtenir dades estad\u00edstiques, analitzar tend\u00e8ncies, administrar el lloc, estudiar patrons de navegaci\u00f3 i per recopilar informaci\u00f3 demogr\u00e0fica.\n<\/p>\n<p>\n  El Titular no es fa responsable del tractament de les dades personals que facin les p\u00e0gines web a qu\u00e8 pugui accedir a trav\u00e9s dels diferents enlla\u00e7os que cont\u00e9 el Lloc Web.\n<\/p>\n\n\n<h2>Exactitud i veracitat de les dades personals<\/h2>\n<p>\n  Vost\u00e8 es compromet que les dades facilitades al Titular siguin correctes, completes, exactes i vigents, aix\u00ed com a mantenir-les degudament actualitzades.\n<\/p>\n<p>\n  Com a Usuari del Lloc Web \u00e9s l&#039;\u00fanic responsable de la veracitat i correcci\u00f3 de les dades remeses al Lloc Web exonerant el Titular de qualsevol responsabilitat al respecte.\n<\/p>\n\n\n<h2>Acceptaci\u00f3 i consentiment<\/h2>\n<p> \n  Com a Usuari del Lloc Web declara haver estat informat de les condicions sobre protecci\u00f3 de dades de car\u00e0cter personal, accepta i consent el tractament dels mateixos per part del Titular en la forma i per a les finalitats indicades en aquesta Pol\u00edtica de Privacitat.\n<\/p>\n<p>\n  Per contactar amb el Titular, subscriure&#039;s a un butllet\u00ed o fer comentaris en aquest lloc web ha d&#039;acceptar aquesta Pol\u00edtica de Privacitat.\n<\/p>\n\n\n<h2>Canvis a la Pol\u00edtica de Privacitat<\/h2>\n<p>\n  El Titular es reserva el dret a modificar aquesta Pol\u00edtica de Privacitat per adaptar-la a novetats legislatives o jurisprudencials, aix\u00ed com a pr\u00e0ctiques de la ind\u00fastria.\n<\/p>\n<p> \n  Aquestes pol\u00edtiques estaran vigents fins que siguin modificades per altres degudament publicades.\n<\/p>\n\n<h2 class=\"wp-block-heading\">QUI SOM<\/h2>\n\n\n\n<p>Nuestra direcci\u00f3n web es: <a href=\"http:\/\/latapinxeria.com\/va\/\">http:\/\/latapinxeria.com<\/a><\/p>\n\n\n\n<h2 class=\"wp-block-heading\">Comentarios<\/h2>\n\n\n\n<p>Cuando los visitantes dejan comentarios en el sitio, recopilamos los datos mostrados en el formulario de comentarios, as\u00ed como la direcci\u00f3n IP del visitante y la cadena de agente de usuario del navegador para ayudar en la detecci\u00f3n de spam.<\/p>\n\n\n\n<p>Se puede proporcionar una cadena an\u00f3nima creada a partir de tu direcci\u00f3n de correo electr\u00f3nico (tambi\u00e9n llamada hash) al servicio Gravatar para verificar si lo est\u00e1s utilizando. La pol\u00edtica de privacidad del servicio Gravatar est\u00e1 disponible aqu\u00ed: <a href=\"https:\/\/automattic.com\/privacy\/\">https:\/\/automattic.com\/privacy\/<\/a>. Despu\u00e9s de la aprobaci\u00f3n de tu comentario, tu foto de perfil ser\u00e1 visible al p\u00fablico en el contexto de tu comentario.<\/p>\n\n\n\n<h2 class=\"wp-block-heading\">Medios<\/h2>\n\n\n\n<p>Si subes im\u00e1genes al sitio web, debes evitar subir im\u00e1genes con datos de ubicaci\u00f3n incrustados (EXIF GPS). Los visitantes del sitio pueden descargar y extraer cualquier dato de ubicaci\u00f3n de las im\u00e1genes publicadas en la web.<\/p>\n\n\n\n<h2 class=\"wp-block-heading\">Cookies<\/h2>\n\n\n\n<p>Si dejas un comentario en nuestro sitio, puedes optar por guardar tu nombre, direcci\u00f3n de correo electr\u00f3nico y sitio web en cookies. Esto es para tu comodidad, de modo que no tengas que volver a completar tus datos cuando dejes otro comentario. Estas cookies durar\u00e1n un a\u00f1o.<\/p>\n\n\n\n<p>Si visitas nuestra p\u00e1gina de inicio de sesi\u00f3n, estableceremos una cookie temporal para determinar si tu navegador acepta cookies. Esta cookie no contiene datos personales y se elimina al cerrar el navegador.<\/p>\n\n\n\n<p>Cuando inicias sesi\u00f3n, tambi\u00e9n configuramos varias cookies para guardar tu informaci\u00f3n de inicio de sesi\u00f3n y tus preferencias de visualizaci\u00f3n de pantalla. Las cookies de inicio de sesi\u00f3n duran dos d\u00edas y las cookies de opciones de pantalla duran un a\u00f1o. Si seleccionas \u00abRecordarme\u00bb, tu inicio de sesi\u00f3n se mantendr\u00e1 durante dos semanas. Si cierras sesi\u00f3n en tu cuenta, las cookies de inicio de sesi\u00f3n se eliminar\u00e1n.<\/p>\n\n\n\n<p>Si editas o publicas un art\u00edculo, se guardar\u00e1 una cookie adicional en tu navegador. Esta cookie no incluye datos personales y simplemente indica el ID de la publicaci\u00f3n del art\u00edculo que acabas de editar. Expira despu\u00e9s de un d\u00eda.<\/p>\n\n\n\n<h2 class=\"wp-block-heading\">Contenido incrustado de otros sitios web<\/h2>\n\n\n\n<p>Los art\u00edculos en este sitio pueden incluir contenido incrustado (por ejemplo, videos, im\u00e1genes, art\u00edculos, etc.). El contenido incrustado de otros sitios web se comporta de la misma manera que si el visitante hubiera visitado directamente el otro sitio web.<\/p>\n\n\n\n<p>Estos sitios web pueden recopilar datos sobre ti, usar cookies, incrustar rastreo adicional de terceros y monitorear tu interacci\u00f3n con ese contenido incrustado, incluyendo el seguimiento de tu interacci\u00f3n si tienes una cuenta y has iniciado sesi\u00f3n en ese sitio web.<\/p>\n\n\n\n<h2 class=\"wp-block-heading\">Con qui\u00e9n compartimos tus datos<\/h2>\n\n\n\n<p>Si solicitas un restablecimiento de contrase\u00f1a, tu direcci\u00f3n IP se incluir\u00e1 en el correo electr\u00f3nico de restablecimiento.<\/p>\n\n\n\n<h2 class=\"wp-block-heading\">Cu\u00e1nto tiempo conservamos tus datos<\/h2>\n\n\n\n<p>Si dejas un comentario, el comentario y sus metadatos se conservan indefinidamente. Esto es para que podamos reconocer y aprobar autom\u00e1ticamente cualquier comentario de seguimiento en lugar de retenerlo en una cola de moderaci\u00f3n.<\/p>\n\n\n\n<p>Para los usuarios que se registran en nuestro sitio web (si los hay), tambi\u00e9n almacenamos la informaci\u00f3n personal que proporcionan en su perfil de usuario. Todos los usuarios pueden ver, editar o eliminar su informaci\u00f3n personal en cualquier momento (excepto que no pueden cambiar su nombre de usuario). Los administradores del sitio web tambi\u00e9n pueden ver y editar esa informaci\u00f3n.<\/p>\n\n\n\n<h2 class=\"wp-block-heading\">Qu\u00e9 derechos tienes sobre tus datos<\/h2>\n\n\n\n<p>Si tienes una cuenta en este sitio o has dejado comentarios, puedes solicitar recibir un archivo exportado con los datos personales que tenemos sobre ti, incluidos los datos que nos hayas proporcionado. Tambi\u00e9n puedes solicitar que borremos cualquier dato personal que tengamos sobre ti. Esto no incluye datos que estemos obligados a conservar por razones administrativas, legales o de seguridad.<\/p>\n\n\n\n<h2 class=\"wp-block-heading\">D\u00f3nde se env\u00edan tus datos<\/h2>\n\n\n\n<p>Los comentarios de los visitantes pueden ser revisados a trav\u00e9s de un servicio automatizado de detecci\u00f3n de spam.<\/p>","protected":false},"excerpt":{"rendered":"<p>El Titular us informa sobre la seva Pol\u00edtica de Privacitat respecte del tractament i protecci\u00f3 de les dades de car\u00e0cter personal dels usuaris que puguin ser recollits durant la navegaci\u00f3 a trav\u00e9s del Lloc Web: https:\/\/latapinxeria.com En aquest sentit, el Titular garanteix el compliment de la normativa vigent en mat\u00e8ria de protecci\u00f3 de dades personals, [&hellip;]<\/p>","protected":false},"author":1,"featured_media":0,"parent":0,"menu_order":0,"comment_status":"closed","ping_status":"closed","template":"","meta":{"footnotes":""},"class_list":["post-3","page","type-page","status-publish","hentry"],"_links":{"self":[{"href":"https:\/\/latapinxeria.com\/va\/wp-json\/wp\/v2\/pages\/3","targetHints":{"allow":["GET"]}}],"collection":[{"href":"https:\/\/latapinxeria.com\/va\/wp-json\/wp\/v2\/pages"}],"about":[{"href":"https:\/\/latapinxeria.com\/va\/wp-json\/wp\/v2\/types\/page"}],"author":[{"embeddable":true,"href":"https:\/\/latapinxeria.com\/va\/wp-json\/wp\/v2\/users\/1"}],"replies":[{"embeddable":true,"href":"https:\/\/latapinxeria.com\/va\/wp-json\/wp\/v2\/comments?post=3"}],"version-history":[{"count":3,"href":"https:\/\/latapinxeria.com\/va\/wp-json\/wp\/v2\/pages\/3\/revisions"}],"predecessor-version":[{"id":201,"href":"https:\/\/latapinxeria.com\/va\/wp-json\/wp\/v2\/pages\/3\/revisions\/201"}],"wp:attachment":[{"href":"https:\/\/latapinxeria.com\/va\/wp-json\/wp\/v2\/media?parent=3"}],"curies":[{"name":"wp","href":"https:\/\/api.w.org\/{rel}","templated":true}]}}