{"id":210,"date":"2026-01-29T11:41:12","date_gmt":"2026-01-29T11:41:12","guid":{"rendered":"https:\/\/latapinxeria.com\/personalizar-cookies\/"},"modified":"2026-01-29T11:41:12","modified_gmt":"2026-01-29T11:41:12","slug":"personalizar-cookies","status":"publish","type":"page","link":"https:\/\/latapinxeria.com\/va\/personalizar-cookies\/","title":{"rendered":"Personalizar Cookies"},"content":{"rendered":"<div>\n      <div id=\"custom-cookies-eu-label\">\n          El lloc web https:\/\/latapinxeria.com utilitza cookies pr\u00f2pies  per al seu correcte funcionament. En fer clic al bot\u00f3 Acceptar, accepta l&#039;\u00fas d&#039;aquestes tecnologies i el processament de les dades per a aquests prop\u00f2sits.          \n\n      <\/div>\n\n      <div id=\"custom-cookies-eu-buttons\" class=\"cookies-eu-buttons\">\n        <button id=\"custom-cookies-eu-reject\" class=\"cookies-eu-reject\">Rechazar<\/button>\n        <button id=\"custom-cookies-eu-accept\" class=\"cookies-eu-accept\">ACCEPTAR TOTES LES COOKIES<\/button><\/div>\n      <\/div>\n\n<br\/>\n<p>\n\tPots canviar les teves prefer\u00e8ncies de cookies en qualsevol moment si tornes a la p\u00e0gina de Personalitzar cookies, a la qual pots accedir a trav\u00e9s de l&#039;Av\u00eds de cookies. Per obtenir m\u00e9s informaci\u00f3 sobre les cookies i com les fem servir, consulta la p\u00e0gina de <a href=\"https:\/\/latapinxeria.com\/va\/politica-de-cookies\/\">Pol\u00edtica de Cookies<\/a>.\n<\/p>\n\n<h3>Cookies t\u00e8cniques<\/h3>\n<p>\n\tS\u00f3n aquelles que permeten als usuaris registrats navegar a trav\u00e9s del lloc web, de l&#039;\u00e0rea restringida i a utilitzar les seves diferents funcions, com per exemple, el sistema de comentaris o el cercador i no poden ser desactivades.\n<\/p>\n\n\n<div class=\"custom-cookies-option\">\n  <h3>Cookies socials<\/h3>\n  <span>\n    <input type=\"radio\" name=\"cookies-social-option\" value=\"true\" class=\"custom-cookies-radio\" data-consent=\"SCLS\" id=\"custom-cookies-accept-social\" \n    >\n    <label for=\"custom-cookies-accept-social\">Activar<\/label>\n    &nbsp;&nbsp;\n    <input type=\"radio\" name=\"cookies-social-option\" value=\"false\" class=\"custom-cookies-radio\" data-consent=\"SCLS\" id=\"custom-cookies-reject-social\" \n    checked>\n    <label for=\"custom-cookies-reject-social\">Desactivar<\/label>\n<\/span>\n<\/div>\n\n<p>\n  S\u00f3n establertes per les plataformes de xarxes socials per permetre als usuaris compartir contingut amb els amics i xarxes.  \n<\/p>","protected":false},"excerpt":{"rendered":"<p>El lloc web https:\/\/latapinxeria.com utilitza cookies pr\u00f2pies per al seu correcte funcionament. En fer clic al bot\u00f3 Acceptar, accepta l&#039;\u00fas d&#039;aquestes tecnologies i el processament de les dades per a aquests prop\u00f2sits. Rechazar ACCEPTAR TOTES LES COOKIES Pots canviar les teves prefer\u00e8ncies de cookies en qualsevol moment si tornes a la p\u00e0gina de Personalitzar cookies, [&hellip;]<\/p>","protected":false},"author":1,"featured_media":0,"parent":0,"menu_order":0,"comment_status":"closed","ping_status":"closed","template":"","meta":{"footnotes":""},"class_list":["post-210","page","type-page","status-publish","hentry"],"_links":{"self":[{"href":"https:\/\/latapinxeria.com\/va\/wp-json\/wp\/v2\/pages\/210","targetHints":{"allow":["GET"]}}],"collection":[{"href":"https:\/\/latapinxeria.com\/va\/wp-json\/wp\/v2\/pages"}],"about":[{"href":"https:\/\/latapinxeria.com\/va\/wp-json\/wp\/v2\/types\/page"}],"author":[{"embeddable":true,"href":"https:\/\/latapinxeria.com\/va\/wp-json\/wp\/v2\/users\/1"}],"replies":[{"embeddable":true,"href":"https:\/\/latapinxeria.com\/va\/wp-json\/wp\/v2\/comments?post=210"}],"version-history":[{"count":0,"href":"https:\/\/latapinxeria.com\/va\/wp-json\/wp\/v2\/pages\/210\/revisions"}],"wp:attachment":[{"href":"https:\/\/latapinxeria.com\/va\/wp-json\/wp\/v2\/media?parent=210"}],"curies":[{"name":"wp","href":"https:\/\/api.w.org\/{rel}","templated":true}]}}